{"id":3793,"date":"2019-10-09T16:54:42","date_gmt":"2019-10-09T14:54:42","guid":{"rendered":"https:\/\/de.wolkenrot.at\/?page_id=3793&#038;lang=en"},"modified":"2021-06-24T11:46:27","modified_gmt":"2021-06-24T09:46:27","slug":"doris-schaefer","status":"publish","type":"page","link":"https:\/\/de.wolkenrot.at\/en\/team\/5-questions\/doris-schaefer\/","title":{"rendered":"Doris Sch\u00e4fer"},"content":{"rendered":"<p>[et_pb_section fb_built=&#8221;1&#8243; _builder_version=&#8221;4.6.1&#8243; _module_preset=&#8221;default&#8221;][et_pb_row _builder_version=&#8221;4.6.1&#8243; _module_preset=&#8221;default&#8221;][et_pb_column type=&#8221;4_4&#8243; _builder_version=&#8221;4.6.1&#8243; _module_preset=&#8221;default&#8221;][et_pb_text _builder_version=&#8221;4.6.1&#8243; _module_preset=&#8221;default&#8221; header_font=&#8221;|300|||||||&#8221; header_font_size=&#8221;60px&#8221; header_line_height=&#8221;1.4em&#8221; header_2_font=&#8221;|300||on|||||&#8221; header_2_font_size=&#8221;31px&#8221; background_image=&#8221;https:\/\/de.wolkenrot.at\/wp-content\/uploads\/sites\/4\/2016\/07\/splash03.jpg&#8221; background_position=&#8221;top_right&#8221; locked=&#8221;off&#8221;]<\/p>\n<h2>5 questions to<\/h2>\n<h1>Doris Sch\u00e4fer<\/h1>\n<p>[\/et_pb_text][\/et_pb_column][\/et_pb_row][\/et_pb_section][et_pb_section fb_built=&#8221;1&#8243; _builder_version=&#8221;4.6.1&#8243; _module_preset=&#8221;default&#8221;][et_pb_row column_structure=&#8221;1_3,2_3&#8243; _builder_version=&#8221;4.6.1&#8243; _module_preset=&#8221;default&#8221; min_height=&#8221;440px&#8221; custom_margin=&#8221;-29px|auto||auto||&#8221; custom_padding=&#8221;0px|||||&#8221; locked=&#8221;off&#8221;][et_pb_column type=&#8221;1_3&#8243; _builder_version=&#8221;4.6.1&#8243; _module_preset=&#8221;default&#8221;][et_pb_image src=&#8221;https:\/\/de.wolkenrot.at\/wp-content\/uploads\/sites\/4\/2021\/03\/Doris_Schaefer_sw.jpg&#8221; alt=&#8221;Foto von Doris Sch\u00e4fer in schwarz-wei\u00df&#8221; title_text=&#8221;Doris_Sch\u00e4fer_sw&#8221; _builder_version=&#8221;4.6.1&#8243; _module_preset=&#8221;default&#8221;][\/et_pb_image][\/et_pb_column][et_pb_column type=&#8221;2_3&#8243; _builder_version=&#8221;4.6.1&#8243; _module_preset=&#8221;default&#8221;][et_pb_text _builder_version=&#8221;4.6.1&#8243; _module_preset=&#8221;default&#8221; header_3_line_height=&#8221;1.4em&#8221; header_4_line_height=&#8221;1.4em&#8221; header_6_font_size=&#8221;19px&#8221; header_6_line_height=&#8221;1.4em&#8221;]<\/p>\n<h4>The &#8220;5 wolkenrot&#8221; questions<br \/> <span><\/span><\/h4>\n<h6>What is the coolest part of your job?<\/h6>\n<p><span>Working with many different companies and many different people. This is totally exciting and enriching.<\/span><\/p>\n<h6>Which HR topic do you enjoy the most?<\/h6>\n<p><span>I like supporting companies in any changes, be it in strategic issues, be it in terms of organizational structures, when it comes to the further development of leadership \u2026 so that the future is secured.<\/span><\/p>\n<h6>Which\u00a0personality (historical or famous) would you like to meet?<\/h6>\n<p><span>Barack Obama or Mick Jagger ????<\/span><\/p>\n<h6>Which book had an influence on you?<\/h6>\n<p><span>\u201cThe Seven Spiritual Laws of Success\u201d by Deepak Chopra and \u201cOnce in a Lifetime\u201d\u00a0by Jhumpa Lahiri.<\/span><\/p>\n<h6>You get a wish for free! What do you wish for?<\/h6>\n<p><span>Escaping from all cold Austrian winters in Asia \u2026 Family &amp; friends are coming to.<\/span><\/p>\n<p>[\/et_pb_text][\/et_pb_column][\/et_pb_row][et_pb_row _builder_version=&#8221;4.6.1&#8243; _module_preset=&#8221;default&#8221;][et_pb_column type=&#8221;4_4&#8243; _builder_version=&#8221;4.6.1&#8243; _module_preset=&#8221;default&#8221;][et_pb_divider _builder_version=&#8221;4.6.1&#8243; _module_preset=&#8221;default&#8221; locked=&#8221;off&#8221;][\/et_pb_divider][\/et_pb_column][\/et_pb_row][et_pb_row _builder_version=&#8221;4.6.1&#8243; _module_preset=&#8221;default&#8221; global_module=&#8221;6257&#8243;][et_pb_column type=&#8221;4_4&#8243; _builder_version=&#8221;4.6.1&#8243; _module_preset=&#8221;default&#8221;][et_pb_text _builder_version=&#8221;4.6.1&#8243; _module_preset=&#8221;default&#8221;]<\/p>\n<h5>The 5 questions to:<\/h5>\n<table width=\"920\" height=\"186\" border=\"0\">\n<tbody>\n<tr>\n<td><u><a href=\"https:\/\/de.wolkenrot.at\/team\/5-questions\/julie-gruber\/?lang=en\">Julie Gruber<\/a><\/u><\/td>\n<td><u><a href=\"https:\/\/de.wolkenrot.at\/team\/5-questions\/anita-stadlmann\/?lang=en\">Anita Stadlmann<\/a><\/u><\/td>\n<td><u><a href=\"https:\/\/de.wolkenrot.at\/team\/5-questions\/michael-frisch\/?lang=en\">Michael Frisch<\/a><\/u><\/td>\n<\/tr>\n<tr>\n<td><u><a href=\"https:\/\/de.wolkenrot.at\/team\/5-questions\/martin-eckert\/?lang=en\">Martin Eckert<\/a><\/u><\/td>\n<td><u><a href=\"https:\/\/de.wolkenrot.at\/team\/5-questions\/julia-lipok\/?lang=en\">Julia Lipok<\/a><\/u><\/td>\n<td><u><a href=\"https:\/\/de.wolkenrot.at\/team\/5-questions\/alexandra-schloemmer\/?lang=en\">Alexandra Schl\u00f6mmer<\/a><\/u><\/td>\n<\/tr>\n<tr>\n<td><a href=\"https:\/\/de.wolkenrot.at\/team\/5-questions\/martina-krottmayer\/?lang=en\"><u>Martina Krottmayer<\/u><\/a><\/td>\n<td><u><a href=\"https:\/\/de.wolkenrot.at\/team\/5-questions\/tanya-pagani\/?lang=en\">Tanya Pagani<\/a><\/u><\/td>\n<td><a href=\"https:\/\/de.wolkenrot.at\/team\/5-questions\/martina-hofer-moreno\/?lang=en\"><u>Martina Hofer-Moreno<\/u><\/a><\/td>\n<\/tr>\n<tr>\n<td><a href=\"https:\/\/de.wolkenrot.at\/team\/5-questions\/barbara-morrison\/?lang=en\"><u>Barbara Morrison <\/u><\/a><\/td>\n<td><a href=\"https:\/\/de.wolkenrot.at\/team\/5-questions\/irmgard-prosinger\/?lang=en\"><u>Irmgard Prosinger<\/u><\/a><\/td>\n<td><u><a href=\"https:\/\/de.wolkenrot.at\/team\/5-questions\/susanne-buchberger\/?lang=en\">Susanne Buchberger<\/a><\/u><\/td>\n<\/tr>\n<tr>\n<td><u><a href=\"https:\/\/de.wolkenrot.at\/team\/5-questions\/doris-schaefer\/?lang=en\">Doris Sch\u00e4fer<\/a><\/u><\/td>\n<td><u><a href=\"https:\/\/de.wolkenrot.at\/team\/5-questions\/birgit-slotta-bachmayr\/?lang=en\">Birgit Slotta-Bachmayr<\/a><\/u><\/td>\n<td><u><a href=\"https:\/\/de.wolkenrot.at\/team\/5-fragen\/rudolf-vogl\/\">Rudolf Vogl<\/a><\/u><\/td>\n<\/tr>\n<tr>\n<td><u><a href=\"https:\/\/de.wolkenrot.at\/team\/5-fragen\/susanne-reinelt\/\">Susanne Reinelt<\/a><\/u><\/td>\n<td><\/td>\n<td><\/td>\n<\/tr>\n<\/tbody>\n<\/table>\n<p>&nbsp;<\/p>\n<p>[\/et_pb_text][\/et_pb_column][\/et_pb_row][\/et_pb_section]<\/p>\n","protected":false},"excerpt":{"rendered":"<p>5 questions to Doris Sch\u00e4ferThe &#8220;5 wolkenrot&#8221; questions What is the coolest part of your job? Working with many different companies and many different people. This is totally exciting and enriching. Which HR topic do you enjoy the most? I like supporting companies in any changes, be it in strategic issues, be it in terms [&hellip;]<\/p>\n","protected":false},"author":1,"featured_media":7410,"parent":2188,"menu_order":0,"comment_status":"closed","ping_status":"closed","template":"","meta":{"_et_pb_use_builder":"on","_et_pb_old_content":"","_et_gb_content_width":"","footnotes":""},"class_list":["post-3793","page","type-page","status-publish","has-post-thumbnail","hentry"],"_links":{"self":[{"href":"https:\/\/de.wolkenrot.at\/en\/wp-json\/wp\/v2\/pages\/3793","targetHints":{"allow":["GET"]}}],"collection":[{"href":"https:\/\/de.wolkenrot.at\/en\/wp-json\/wp\/v2\/pages"}],"about":[{"href":"https:\/\/de.wolkenrot.at\/en\/wp-json\/wp\/v2\/types\/page"}],"author":[{"embeddable":true,"href":"https:\/\/de.wolkenrot.at\/en\/wp-json\/wp\/v2\/users\/1"}],"replies":[{"embeddable":true,"href":"https:\/\/de.wolkenrot.at\/en\/wp-json\/wp\/v2\/comments?post=3793"}],"version-history":[{"count":4,"href":"https:\/\/de.wolkenrot.at\/en\/wp-json\/wp\/v2\/pages\/3793\/revisions"}],"predecessor-version":[{"id":6278,"href":"https:\/\/de.wolkenrot.at\/en\/wp-json\/wp\/v2\/pages\/3793\/revisions\/6278"}],"up":[{"embeddable":true,"href":"https:\/\/de.wolkenrot.at\/en\/wp-json\/wp\/v2\/pages\/2188"}],"wp:featuredmedia":[{"embeddable":true,"href":"https:\/\/de.wolkenrot.at\/en\/wp-json\/wp\/v2\/media\/7410"}],"wp:attachment":[{"href":"https:\/\/de.wolkenrot.at\/en\/wp-json\/wp\/v2\/media?parent=3793"}],"curies":[{"name":"wp","href":"https:\/\/api.w.org\/{rel}","templated":true}]}}